{"id":11952,"date":"2020-09-18T09:14:50","date_gmt":"2020-09-18T07:14:50","guid":{"rendered":"https:\/\/www.steenkamper.de\/?page_id=11952"},"modified":"2022-10-17T07:41:58","modified_gmt":"2022-10-17T05:41:58","slug":"spenden","status":"publish","type":"page","link":"https:\/\/www.steenkamper.de\/index.php\/spenden\/","title":{"rendered":"SPENDEN"},"content":{"rendered":"\n<p>Unser Verein freut sich \u00fcber Spenden, die unsere umfangreiche Nachbarschaftsarbeit unterst\u00fctzen.<\/p>\n\n\n\n<p class=\"has-very-light-gray-background-color has-background\">Oder Sie werden <a href=\"https:\/\/www.steenkamper.de\/index.php\/mitglied-werden\/\">F\u00f6rdermitglied<\/a>  oder Sie f\u00f6rdern das Erscheinen unserer Vereinszeitung <em><a href=\"https:\/\/www.steenkamper.de\/index.php\/der-steenkamper\/\">Der Steenkamper<\/a><\/em>, indem Sie eine Anzeige schalten und als <a href=\"https:\/\/www.steenkamper.de\/index.php\/foerderer\/\">F\u00f6rderer des Vereins<\/a> auf unserer Webseite genannt werden.<\/p>\n\n\n\n<p><em>Leider ist die Heimst\u00e4ttervereinigung Steenkamp e.V. nicht als  gemeinn\u00fctziger Verein eingetragen, somit k\u00f6nnen wir leider keine Spendenbescheinigungen ausstellen.<\/em><\/p>\n\n\n\n<p>Wer trotzdem uns unterst\u00fctzen m\u00f6chte kann hier spenden:<\/p>\n\n\n\n<p><strong>IBAN: DE81 2005 0550 1078 2105 13<\/strong><\/p>\n\n\n\n<figure class=\"wp-block-image size-medium is-style-default\"><img data-recalc-dims=\"1\" fetchpriority=\"high\" decoding=\"async\" width=\"296\" height=\"300\" data-attachment-id=\"11949\" data-permalink=\"https:\/\/www.steenkamper.de\/index.php\/kontakt\/qriban\/\" data-orig-file=\"https:\/\/i0.wp.com\/www.steenkamper.de\/wp-content\/uploads\/2020\/09\/qrIBAN.jpg?fit=835%2C845&amp;ssl=1\" data-orig-size=\"835,845\" data-comments-opened=\"1\" data-image-meta=\"{&quot;aperture&quot;:&quot;0&quot;,&quot;credit&quot;:&quot;&quot;,&quot;camera&quot;:&quot;&quot;,&quot;caption&quot;:&quot;&quot;,&quot;created_timestamp&quot;:&quot;0&quot;,&quot;copyright&quot;:&quot;&quot;,&quot;focal_length&quot;:&quot;0&quot;,&quot;iso&quot;:&quot;0&quot;,&quot;shutter_speed&quot;:&quot;0&quot;,&quot;title&quot;:&quot;&quot;,&quot;orientation&quot;:&quot;1&quot;}\" data-image-title=\"qrIBAN\" data-image-description=\"\" data-image-caption=\"&lt;p&gt;Giro-Code IBAN&lt;\/p&gt;\n\" data-large-file=\"https:\/\/i0.wp.com\/www.steenkamper.de\/wp-content\/uploads\/2020\/09\/qrIBAN.jpg?fit=750%2C759&amp;ssl=1\" src=\"https:\/\/i0.wp.com\/www.steenkamper.de\/wp-content\/uploads\/2020\/09\/qrIBAN.jpg?resize=296%2C300&#038;ssl=1\" alt=\"\" class=\"wp-image-11949\" srcset=\"https:\/\/i0.wp.com\/www.steenkamper.de\/wp-content\/uploads\/2020\/09\/qrIBAN.jpg?resize=296%2C300&amp;ssl=1 296w, https:\/\/i0.wp.com\/www.steenkamper.de\/wp-content\/uploads\/2020\/09\/qrIBAN.jpg?resize=768%2C777&amp;ssl=1 768w, https:\/\/i0.wp.com\/www.steenkamper.de\/wp-content\/uploads\/2020\/09\/qrIBAN.jpg?resize=500%2C506&amp;ssl=1 500w, https:\/\/i0.wp.com\/www.steenkamper.de\/wp-content\/uploads\/2020\/09\/qrIBAN.jpg?resize=450%2C455&amp;ssl=1 450w, https:\/\/i0.wp.com\/www.steenkamper.de\/wp-content\/uploads\/2020\/09\/qrIBAN.jpg?resize=80%2C80&amp;ssl=1 80w, https:\/\/i0.wp.com\/www.steenkamper.de\/wp-content\/uploads\/2020\/09\/qrIBAN.jpg?resize=741%2C750&amp;ssl=1 741w, https:\/\/i0.wp.com\/www.steenkamper.de\/wp-content\/uploads\/2020\/09\/qrIBAN.jpg?w=835&amp;ssl=1 835w\" sizes=\"(max-width: 296px) 100vw, 296px\" \/><figcaption>QR-Code IBAN Heimst\u00e4ttervereinigung Steenkamp e.V.<\/figcaption><\/figure>\n\n\n\n<p class=\"has-very-dark-gray-color has-cyan-bluish-gray-background-color has-text-color has-background\"><strong>Was soll ich mit dem QR Code?<br><\/strong>Der &#8220;GiroCode&#8221; sieht aus wie ein klassischer QR-Code, den Sie zum Beispiel von Plakaten oder Flyern kennen. Er enth\u00e4lt alle relevanten Zahlungsdaten wie Empf\u00e4nger, IBAN, BIC, Zahlbetrag und Verwendungszweck.<br><br>Scannen Sie den &#8220;GiroCode&#8221; ein und die IBAN, BIC, Zahlungsempf\u00e4nger und Verwendungszweck ist in Ihrer Banking App schon eingetragen. Kein l\u00e4stiges abtippen und keine Zahlendreher mehr.<\/p>\n\n\n\n<p><em>QR Code Scanner f\u00fcr das Handy und Tablet gibt es zahlreiche im <a rel=\"noreferrer noopener\" aria-label=\"GOOGLE PLAY STORE (opens in a new tab)\" href=\"https:\/\/play.google.com\/store\/search?q=qr%20code%20scanner&amp;c=apps&amp;hl=de\" target=\"_blank\">GOOGLE PLAY STORE<\/a> &amp; <a rel=\"noreferrer noopener\" aria-label=\"APPLE APP STORE (opens in a new tab)\" href=\"https:\/\/www.apple.com\/de\/ios\/app-store\/\" target=\"_blank\">APPLE APP STORE<\/a> (die meisten Ger\u00e4te haben in den Einstellungen schon einen QR-Scanner integriert)<\/em><\/p>\n","protected":false},"excerpt":{"rendered":"<p>Unser Verein freut sich \u00fcber Spenden, die unsere umfangreiche Nachbarschaftsarbeit unterst\u00fctzen. Oder Sie werden F\u00f6rdermitglied oder Sie f\u00f6rdern das Erscheinen unserer Vereinszeitung Der Steenkamper, indem Sie eine Anzeige schalten und&#8230; <\/p>\n<p><a class=\"teaser-more\" href=\"https:\/\/www.steenkamper.de\/index.php\/spenden\/\">weiter lesen<\/a><\/p>\n","protected":false},"author":6,"featured_media":0,"parent":0,"menu_order":0,"comment_status":"closed","ping_status":"closed","template":"","meta":{"_acf_changed":false,"_price":"","_stock":"","_tribe_ticket_header":"","_tribe_default_ticket_provider":"","_tribe_ticket_capacity":"0","_ticket_start_date":"","_ticket_end_date":"","_tribe_ticket_show_description":"","_tribe_ticket_show_not_going":false,"_tribe_ticket_use_global_stock":"","_tribe_ticket_global_stock_level":"","_global_stock_mode":"","_global_stock_cap":"","_tribe_rsvp_for_event":"","_tribe_ticket_going_count":"","_tribe_ticket_not_going_count":"","_tribe_tickets_list":"[]","_tribe_ticket_has_attendee_info_fields":false,"jetpack_post_was_ever_published":false,"footnotes":"","_tec_slr_enabled":"","_tec_slr_layout":""},"class_list":["post-11952","page","type-page","status-publish","hentry"],"acf":[],"jetpack_sharing_enabled":true,"jetpack_shortlink":"https:\/\/wp.me\/P74Wuo-36M","jetpack_likes_enabled":true,"jetpack-related-posts":[{"id":20,"url":"https:\/\/www.steenkamper.de\/index.php\/verein\/","url_meta":{"origin":11952,"position":0},"title":"Verein","author":"admin","date":"14\/12\/2015","format":false,"excerpt":"Die Heimst\u00e4ttervereinigung Steenkamp e.V. ist die Keimzelle der Steenkampsiedlung und der SAGA. Seit Bestehen des Vereines (1920) ist Ihr Sinn und Zweck in der Satzung fest gelegt:\u00a0 \u201cDer Verein will durch den Zusammenschluss der Heimst\u00e4tter und Heimst\u00e4tterinnen in der Siedlung Steenkamp eine gemeinsame Interessenvertretung der Mieter und Mieterinnen, der Eigent\u00fcmer\u2026","rel":"","context":"\u00c4hnlicher Beitrag","block_context":{"text":"\u00c4hnlicher Beitrag","link":""},"img":{"alt_text":"","src":"https:\/\/i1.wp.com\/www.steenkamper.de\/wp-content\/uploads\/2020\/09\/qrIBAN.jpg?resize=350%2C200&ssl=1","width":350,"height":200},"classes":[]},{"id":1410,"url":"https:\/\/www.steenkamper.de\/index.php\/affiliates-werbung\/","url_meta":{"origin":11952,"position":1},"title":"Affiliates &#038; Werbung","author":"Max","date":"07\/02\/2016","format":false,"excerpt":"Auf unserer Webseite sind Links und Werbebanner enthalten. Wenn du auf einen Affiliate Link klickst, dann erhalten wir, wenn du z.B. etwas kaufst, eine kleine Provision. F\u00fcr dich \u00e4ndert sich dabei nichts und es fallen auch keine Geb\u00fchren oder \u00e4hnliches an. Wenn du also \u00fcber einen Affiliate Link der Steenkamper\u2026","rel":"","context":"\u00c4hnlicher Beitrag","block_context":{"text":"\u00c4hnlicher Beitrag","link":""},"img":{"alt_text":"","src":"","width":0,"height":0},"classes":[]},{"id":1000,"url":"https:\/\/www.steenkamper.de\/index.php\/foerderer\/","url_meta":{"origin":11952,"position":2},"title":"F\u00f6rderer","author":"Max","date":"04\/01\/2016","format":false,"excerpt":"Vielen DANK allen Unterst\u00fctzer*innen und F\u00f6rderer*innen der\u00a0Heimst\u00e4ttervereinigung Steenkamp e. V. Gerne k\u00f6nnen Sie unseren Verein und somit unsere Nachbarschftsarbeit unterst\u00fctzen. Werden Sie F\u00f6rdermitglied oder unterst\u00fctzen Sie mit einer Anzeige das Erscheinen unserer Vereinszeitung \u201eDer Steenkamper\u201c. Liebe Steenkampe*innen,ber\u00fccksichtigt bitte die Inserenten & F\u00f6rderer bei Euren Eink\u00e4ufen! Vielen Dank an: Anzeigenkunden in\u2026","rel":"","context":"\u00c4hnlicher Beitrag","block_context":{"text":"\u00c4hnlicher Beitrag","link":""},"img":{"alt_text":"","src":"","width":0,"height":0},"classes":[]},{"id":276,"url":"https:\/\/www.steenkamper.de\/index.php\/satzung\/","url_meta":{"origin":11952,"position":3},"title":"Satzung","author":"Max","date":"16\/12\/2015","format":false,"excerpt":"Satzung ge\u00e4nderte Satzung g\u00fcltig seit der Mitgliederversammlung am 6.4.2022 Pr\u00e4ambel\u00a0 W\u00e4hrend der Bauzeit der Gartenstadt Steenkamp wurde 1920 die Heimst\u00e4ttervereinigung Steenkamp als Organisation der Mieter gegr\u00fcndet. Das gesellige Miteinander zu organisieren und Hilfestellungen aller Art anzubieten, diesen Zielen ist der Verein stets verpflichtet geblieben..\u00a0 \u00a7 1 Name und Sitz\u00a0 Der\u2026","rel":"","context":"\u00c4hnlicher Beitrag","block_context":{"text":"\u00c4hnlicher Beitrag","link":""},"img":{"alt_text":"","src":"","width":0,"height":0},"classes":[]},{"id":1066,"url":"https:\/\/www.steenkamper.de\/index.php\/das-cafe\/","url_meta":{"origin":11952,"position":4},"title":"Das Caf\u00e9","author":"Max","date":"05\/01\/2016","format":false,"excerpt":"Das Caf\u00e9\u00a0\u00f6ffnet seine T\u00fcr\u00a0jeweils Fr. & Sa.\u00a0von 14-18h im Steenkamp 16 (an der Vogelweide) Zum Lockdown Verkauf au\u00dfer Haus: Unter: dascafe.steenkamp16(at)gmx.de oder unter 0162 9172416 kann Kuchen bestellt werden. Wir verabreden dann eine Abholzeit. JUBIL\u00c4UM:\u00a05 Jahre \"DAS CAF\u00c9\" im Steenkamp Artikel aus dem Steenkamper 2\/2019: Von der Idee zum Caf\u00e9\u2026","rel":"","context":"\u00c4hnlicher Beitrag","block_context":{"text":"\u00c4hnlicher Beitrag","link":""},"img":{"alt_text":"","src":"https:\/\/i0.wp.com\/www.steenkamper.de\/wp-content\/uploads\/2021\/10\/img_3922.jpg?resize=350%2C200&ssl=1","width":350,"height":200},"classes":[]},{"id":9143,"url":"https:\/\/www.steenkamper.de\/index.php\/jubilaeumsveranstaltungen\/","url_meta":{"origin":11952,"position":5},"title":"Jubil\u00e4umsveranstaltungen","author":"Max","date":"11\/11\/2019","format":false,"excerpt":"100 Jahre Steenkampsiedlung 1920 - 2020 Den wunderbaren Auftakt unseres Jubil\u00e4umsjahres bildete der Neujahrsempfang im Januar, weiter ging es mit einem spannenden Vortr\u00e4gen zur Siedlungsgeschichte, dem Swing-Tanz-Salon und wir konnten unsere 100 Jahre auch noch zusammen mit dem 4j\u00e4hrigen Jubil\u00e4um \u201eCaf\u00e9 Vogelweide\u201c feiern, gemeinsam mit der Blecheisenbahn spielen und uns\u2026","rel":"","context":"\u00c4hnlicher Beitrag","block_context":{"text":"\u00c4hnlicher Beitrag","link":""},"img":{"alt_text":"","src":"https:\/\/i0.wp.com\/www.steenkamper.de\/wp-content\/uploads\/2019\/12\/logo-steenkamp-jubilaeum-KLEIN.png?resize=350%2C200&ssl=1","width":350,"height":200,"srcset":"https:\/\/i0.wp.com\/www.steenkamper.de\/wp-content\/uploads\/2019\/12\/logo-steenkamp-jubilaeum-KLEIN.png?resize=350%2C200&ssl=1 1x, https:\/\/i0.wp.com\/www.steenkamper.de\/wp-content\/uploads\/2019\/12\/logo-steenkamp-jubilaeum-KLEIN.png?resize=525%2C300&ssl=1 1.5x, https:\/\/i0.wp.com\/www.steenkamper.de\/wp-content\/uploads\/2019\/12\/logo-steenkamp-jubilaeum-KLEIN.png?resize=700%2C400&ssl=1 2x, https:\/\/i0.wp.com\/www.steenkamper.de\/wp-content\/uploads\/2019\/12\/logo-steenkamp-jubilaeum-KLEIN.png?resize=1050%2C600&ssl=1 3x"},"classes":[]}],"ticketed":false,"_links":{"self":[{"href":"https:\/\/www.steenkamper.de\/index.php\/wp-json\/wp\/v2\/pages\/11952","targetHints":{"allow":["GET"]}}],"collection":[{"href":"https:\/\/www.steenkamper.de\/index.php\/wp-json\/wp\/v2\/pages"}],"about":[{"href":"https:\/\/www.steenkamper.de\/index.php\/wp-json\/wp\/v2\/types\/page"}],"author":[{"embeddable":true,"href":"https:\/\/www.steenkamper.de\/index.php\/wp-json\/wp\/v2\/users\/6"}],"replies":[{"embeddable":true,"href":"https:\/\/www.steenkamper.de\/index.php\/wp-json\/wp\/v2\/comments?post=11952"}],"version-history":[{"count":14,"href":"https:\/\/www.steenkamper.de\/index.php\/wp-json\/wp\/v2\/pages\/11952\/revisions"}],"predecessor-version":[{"id":21366,"href":"https:\/\/www.steenkamper.de\/index.php\/wp-json\/wp\/v2\/pages\/11952\/revisions\/21366"}],"wp:attachment":[{"href":"https:\/\/www.steenkamper.de\/index.php\/wp-json\/wp\/v2\/media?parent=11952"}],"curies":[{"name":"wp","href":"https:\/\/api.w.org\/{rel}","templated":true}]}}