{"id":1106,"date":"2016-01-06T14:36:06","date_gmt":"2016-01-06T13:36:06","guid":{"rendered":"http:\/\/wp.steenkamper.de\/?page_id=1106"},"modified":"2016-01-06T14:39:08","modified_gmt":"2016-01-06T13:39:08","slug":"hobbyausstellung","status":"publish","type":"page","link":"https:\/\/www.steenkamper.de\/index.php\/hobbyausstellung\/","title":{"rendered":"Hobbyausstellung"},"content":{"rendered":"<p><strong>Dort wer wat los!<br \/>\n<\/strong>aus dem Steenkamper Ausgabe 3\/2005<br \/>\nText:\u00a0Joachim Thoms und Kristiana G\u00e4rtner<br \/>\nFotos: Joachim Thoms und Claus Thiele<\/p>\n<div class=\"page\" title=\"Page 27\">\n<div class=\"section\">\n<div class=\"section\">\n<div class=\"layoutArea\">\n<div class=\"column\">\n<p><img data-recalc-dims=\"1\" fetchpriority=\"high\" decoding=\"async\" data-attachment-id=\"1132\" data-permalink=\"https:\/\/www.steenkamper.de\/index.php\/hobbyausstellung\/hobby1\/\" data-orig-file=\"https:\/\/i0.wp.com\/www.steenkamper.de\/wp-content\/uploads\/2016\/01\/Hobby1.jpg?fit=394%2C345&amp;ssl=1\" data-orig-size=\"394,345\" data-comments-opened=\"1\" data-image-meta=\"{&quot;aperture&quot;:&quot;0&quot;,&quot;credit&quot;:&quot;&quot;,&quot;camera&quot;:&quot;&quot;,&quot;caption&quot;:&quot;&quot;,&quot;created_timestamp&quot;:&quot;0&quot;,&quot;copyright&quot;:&quot;&quot;,&quot;focal_length&quot;:&quot;0&quot;,&quot;iso&quot;:&quot;0&quot;,&quot;shutter_speed&quot;:&quot;0&quot;,&quot;title&quot;:&quot;&quot;,&quot;orientation&quot;:&quot;0&quot;}\" data-image-title=\"Hobby1\" data-image-description=\"\" data-image-caption=\"\" data-large-file=\"https:\/\/i0.wp.com\/www.steenkamper.de\/wp-content\/uploads\/2016\/01\/Hobby1.jpg?fit=394%2C345&amp;ssl=1\" class=\"alignnone size-medium wp-image-1132\" src=\"https:\/\/i0.wp.com\/wp.steenkamper.de\/wp-content\/uploads\/2016\/01\/Hobby1-300x263.jpg?resize=300%2C263\" alt=\"Hobby1\" width=\"300\" height=\"263\" srcset=\"https:\/\/i0.wp.com\/www.steenkamper.de\/wp-content\/uploads\/2016\/01\/Hobby1.jpg?resize=300%2C263&amp;ssl=1 300w, https:\/\/i0.wp.com\/www.steenkamper.de\/wp-content\/uploads\/2016\/01\/Hobby1.jpg?w=394&amp;ssl=1 394w\" sizes=\"(max-width: 300px) 100vw, 300px\" \/><\/p>\n<p>Joachim Thoms \u00fcber die von ihm iniziierte Hobbyausstellung:<br \/>\n(Herr Thoms hatte die Idee zu dieser Hobbyausstellung)<\/p>\n<p><em>Unse Utstellung \u00f6ber dat \u201eHobby&#8221; wer een scheuner Erfolg. \u201eHobby&#8221; is nee- d\u00fctsch un het freuer \u201eSteckenpeer&#8221; heten. Just \u00e4s de eene secht: min Mann is \u201eReceyciing Kaufmann&#8221;! Wat is dat denn? Freuer wer dat Schrotth\u00f6cker.<\/em><\/p>\n<\/div>\n<\/div>\n<\/div>\n<div class=\"section\">\n<div class=\"layoutArea\">\n<div class=\"column\">\n<p><em>Een wer dorbi, de het alln&#8217;s wat op n Breef bakt wer sammelt het. Brefmar- ken, Postkorten, Filmbiller un Geldschiens het he tosomen kleit un dat alln&#8217;s mittenanner vermixt. Een har ock Brefmarken, \u00f6ber nur mit Isenbohn dor op. As oller isenbohner, het he alln&#8217;s tosomen kregen, wat mit de Dinger de op Schienen lopt, to doon het. Sein gr\u00f6tstes St\u00fcck kunn he \u00f6ber nich in den Sool kregen! Dat is&#8217;n Isenbohn in sein Goorn. Een Riesending mit alln&#8217;s wat dor togeheurt. De sust dor as dull dorch den Goorn! Sein Fruu het ehr finen Socken zeicht. Gestickte Biiler, Decken, Kissens un annern Krom. Alln&#8217;s schick un bunt. Denn wer noch eene dor de het \u201eParadehandd\u00f6cker&#8221; utstellt. Gift dat jo h\u00fc\u00fct schon gornsch mehr!<\/em><\/p>\n<\/div>\n<\/div>\n<\/div>\n<div class=\"section\">\n<div class=\"layoutArea\">\n<div class=\"column\">\n<p><em>Bloots de \u201eFuuljack&#8221; is nich komen! Dat is de, de den ganzen Dag v\u00f6r de Mattschief sitt, mit&#8221;n Budde! Beer un Knabberkrom. He har seine \u201eMacke&#8221; vor- wiesen kunnt!! Ober he wer wohl to fuul!<\/em><\/p>\n<\/div>\n<\/div>\n<\/div>\n<\/div>\n<div class=\"section\">\n<div class=\"layoutArea\">\n<div class=\"column\">\n<p><em>Wi wer&#8217;n all tohop in&#8217;n Sool vun Steenkamp. Dat gung glicks los mit een, de mit sein \u201eMountinbike&#8221;, -freuer Drohtesel- dorch de Gegend peest is, dat dat man nur so steuft! He het faststellt, dat dat fix gesund is un ock noch veel Spooss mokt. Veel l\u00fctte Autos het he tosomen sammelt. So an de Fivhunnert St\u00fcck! Wet he wat dat an Benzin kost? Denn har eener &#8216;n l\u00fctte Dampmoschin,<\/em><\/p>\n<\/div>\n<\/div>\n<div class=\"layoutArea\">\n<div class=\"column\">\n<p><em>Schippsmodells all&#8217;ns inne Gang eer Freid doran. ock mit Motor sen.<\/em><\/p>\n<p><em>De anner het\u00a0hat. (Ne nich Oma Dinger de man in kunn un sick no rutdr\u00fccken kunn. gleuben, \u00f6ber he dorvon! Denn groote Platte, de Strickholler be- antoseh&#8217;n! \u00f6ber tosomen komen. Tabakloden un\u00a0un Seilflegers. Wer un de G\u00f6\u00f6rn haarn He let sein Fliegers dorch de Gegend su-Bonsche-Automaten un Opa!) So l\u00fctte\u00a0<span style=\"line-height: 1.75em;\">de Tasch stecken Bedarf een Bonsche Man schall dat kaum het \u00f6ber 300 St\u00fcck wer dor noch een een l\u00fctte Deern mit bagt het. Wer dull 500 Schachteln wer&#8217;n De hangt nu in een ward veel bewunnert.<\/span><\/em><\/p>\n<\/div>\n<\/div>\n<\/div>\n<div class=\"layoutArea\">\n<div class=\"column\">\n<p><strong>Hobby-Ausstellung im Oktober 2005<br \/>\n<\/strong>Text:\u00a0Kristiana G\u00e4rtner<\/p>\n<\/div>\n<\/div>\n<\/div>\n<div class=\"page\" title=\"Page 28\">\n<div class=\"layoutArea\">\n<div class=\"column\">\n<p><img data-recalc-dims=\"1\" decoding=\"async\" data-attachment-id=\"1131\" data-permalink=\"https:\/\/www.steenkamper.de\/index.php\/hobbyausstellung\/hobby2\/\" data-orig-file=\"https:\/\/i0.wp.com\/www.steenkamper.de\/wp-content\/uploads\/2016\/01\/Hobby2.jpg?fit=327%2C233&amp;ssl=1\" data-orig-size=\"327,233\" data-comments-opened=\"1\" data-image-meta=\"{&quot;aperture&quot;:&quot;0&quot;,&quot;credit&quot;:&quot;&quot;,&quot;camera&quot;:&quot;&quot;,&quot;caption&quot;:&quot;&quot;,&quot;created_timestamp&quot;:&quot;0&quot;,&quot;copyright&quot;:&quot;&quot;,&quot;focal_length&quot;:&quot;0&quot;,&quot;iso&quot;:&quot;0&quot;,&quot;shutter_speed&quot;:&quot;0&quot;,&quot;title&quot;:&quot;&quot;,&quot;orientation&quot;:&quot;0&quot;}\" data-image-title=\"\" data-image-description=\"\" data-image-caption=\"\" data-large-file=\"https:\/\/i0.wp.com\/www.steenkamper.de\/wp-content\/uploads\/2016\/01\/Hobby2.jpg?fit=327%2C233&amp;ssl=1\" class=\"alignnone size-medium wp-image-1131\" src=\"https:\/\/i0.wp.com\/wp.steenkamper.de\/wp-content\/uploads\/2016\/01\/Hobby2-300x214.jpg?resize=300%2C214\" alt=\"\" width=\"300\" height=\"214\" srcset=\"https:\/\/i0.wp.com\/www.steenkamper.de\/wp-content\/uploads\/2016\/01\/Hobby2.jpg?resize=300%2C214&amp;ssl=1 300w, https:\/\/i0.wp.com\/www.steenkamper.de\/wp-content\/uploads\/2016\/01\/Hobby2.jpg?w=327&amp;ssl=1 327w\" sizes=\"(max-width: 300px) 100vw, 300px\" \/><\/p>\n<p>In unserem sch\u00f6nen Steenkampsaal war am 22. und 23.10.2005 so einiges an Sammler-St\u00fccken zu bewundern: Modellautos, Modellschiffe, Segelfliegermodelle, wunderbare Handarbeiten &#8230; Erinnern Sie sich noch an die PEZ-Bonbonschieber? Auch diese waren zu bewundern. Als ich den alten PEZ-Verkaufsautomaten sah, kamen alte Erinnerungen in mir hoch, wie ich als Kind meinen Eltern an der Bushaltestelle oder auf dem Bahnhof einige Geldm\u00fcnzen abgeschnackt habe, um mir Nachschub f\u00fcr meinen PEZ-Schieber zu\u00a0besorgen&#8230;<\/p>\n<p>Vielen Dank an alle Beteiligten und vor allem an Herrn Thoms und Claus und Inga Lund-Thiele aus dem Steenkamp. Inga, Deine Quittentorte war oberlecker, mhmm&#8230;<\/p>\n<p>Ich hoffe, dass wir so eine Ausstellung im n\u00e4chsten Jahr wiederholen k\u00f6nnen. Aber daf\u00fcr ben\u00f6tigen wir SIE. Ja, Sie lesen richtig. Wir haben viele neue Nachbarn und kennen uns noch nicht so richtig. Dann ist dies doch eine sch\u00f6ne Gelegenheit, sich kennen\u00a0zu lernen. Sprechen Sie uns also gern an. Unsere Adressen und Telefonnummern finden Sie immer auf der letzten Seite unseres \u201eSteenkampers\u201c.<\/p>\n<p>Kristiana G\u00e4rtner<\/p>\n<\/div>\n<\/div>\n<\/div>\n","protected":false},"excerpt":{"rendered":"<p>Dort wer wat los! aus dem Steenkamper Ausgabe 3\/2005 Text:\u00a0Joachim Thoms und Kristiana G\u00e4rtner Fotos: Joachim Thoms und Claus Thiele Joachim Thoms \u00fcber die von ihm iniziierte Hobbyausstellung: (Herr Thoms&#8230; <\/p>\n<p><a class=\"teaser-more\" href=\"https:\/\/www.steenkamper.de\/index.php\/hobbyausstellung\/\">weiter lesen<\/a><\/p>\n","protected":false},"author":6,"featured_media":0,"parent":0,"menu_order":0,"comment_status":"closed","ping_status":"closed","template":"","meta":{"_acf_changed":false,"_price":"","_stock":"","_tribe_ticket_header":"","_tribe_default_ticket_provider":"","_tribe_ticket_capacity":"0","_ticket_start_date":"","_ticket_end_date":"","_tribe_ticket_show_description":"","_tribe_ticket_show_not_going":false,"_tribe_ticket_use_global_stock":"","_tribe_ticket_global_stock_level":"","_global_stock_mode":"","_global_stock_cap":"","_tribe_rsvp_for_event":"","_tribe_ticket_going_count":"","_tribe_ticket_not_going_count":"","_tribe_tickets_list":"[]","_tribe_ticket_has_attendee_info_fields":false,"jetpack_post_was_ever_published":false,"footnotes":"","_tec_slr_enabled":"","_tec_slr_layout":""},"class_list":["post-1106","page","type-page","status-publish","hentry"],"acf":[],"jetpack_sharing_enabled":false,"jetpack_shortlink":"https:\/\/wp.me\/P74Wuo-hQ","jetpack_likes_enabled":true,"jetpack-related-posts":[{"id":1025,"url":"https:\/\/www.steenkamper.de\/index.php\/siedlungsgeschichten\/","url_meta":{"origin":1106,"position":0},"title":"Siedlungsgeschichten","author":"Max","date":"04\/01\/2016","format":false,"excerpt":"\u00a0 Im Steenkamper online Rundgang sind die Siedlungsgeschichten mit ihrem Ort des Geschehens verkn\u00fcpft. Ein bisschen Zeit muss sein! 100 Jahre Ursula (Uschi) Scheibner Louis Cahnbley Stolperstein vor dem Haus im Steenkamp 43 Der Emmichbrunnen im Riemenschneiderstieg von Sebastian Buchholz aus dem Steenkamper 2\/2022 Mit der Strassenbahn zum Steenkamp? von\u2026","rel":"","context":"\u00c4hnlicher Beitrag","block_context":{"text":"\u00c4hnlicher Beitrag","link":""},"img":{"alt_text":"","src":"https:\/\/i0.wp.com\/www.steenkamper.de\/wp-content\/uploads\/2019\/12\/logo-steenkamp-jubilaeum-KLEIN-278x300.png?resize=350%2C200&ssl=1","width":350,"height":200},"classes":[]},{"id":8162,"url":"https:\/\/www.steenkamper.de\/index.php\/een-hundeleben\/","url_meta":{"origin":1106,"position":1},"title":"Een Hundeleben.","author":"Max","date":"18\/04\/2019","format":false,"excerpt":"aus dem Steenkamper Ausgabe 3\/2004 & 2\/2018 Bi us in de Gegend l\u00f6pt son l\u00fctten swatten Dackel r\u00fcm. He hett ganz n\u00fcddellige kleene Knoppoogen. Von wieden s\u00fcht he ut, as'n \u201eFlaschenb\u00fcrste\" or as'n \u201eRennsalami\". Morgens kummt he anlopen un sett sick \u00e4s erstes bin Slachter vor de D\u00f6\u00f6r. Wenn nu\u2026","rel":"","context":"\u00c4hnlicher Beitrag","block_context":{"text":"\u00c4hnlicher Beitrag","link":""},"img":{"alt_text":"","src":"","width":0,"height":0},"classes":[]},{"id":18689,"url":"https:\/\/www.steenkamper.de\/index.php\/oepnv-in-der-steenkampsiedlung\/","url_meta":{"origin":1106,"position":2},"title":"\u00d6PNV in der Steenkampsiedlung","author":"Max","date":"15\/03\/2022","format":false,"excerpt":"Hier die n\u00e4chsten Abfahrten vom Busknotenpunkt \u201eBahrenfeld, Trabrennbahn\u201c. Aktuelle Abfahrten werden mit Versp\u00e4tungen angezeigt. height=\"550\" width=\"90%\" Wer eine andere Haltestelle angezeigt bekommen m\u00f6chte, kann sich einen eigenen Link beim HVV erstellen:https:\/\/www.hvv.de\/de\/abfahrtsmonitor 1975 war es noch etwas beschaulicher\u2026 https:\/\/youtu.be\/tszOnpkyM54","rel":"","context":"\u00c4hnlicher Beitrag","block_context":{"text":"\u00c4hnlicher Beitrag","link":""},"img":{"alt_text":"","src":"https:\/\/i0.wp.com\/www.steenkamper.de\/wp-content\/uploads\/2021\/03\/Strassenbahn.jpg?fit=639%2C451&ssl=1&resize=350%2C200","width":350,"height":200,"srcset":"https:\/\/i0.wp.com\/www.steenkamper.de\/wp-content\/uploads\/2021\/03\/Strassenbahn.jpg?fit=639%2C451&ssl=1&resize=350%2C200 1x, https:\/\/i0.wp.com\/www.steenkamper.de\/wp-content\/uploads\/2021\/03\/Strassenbahn.jpg?fit=639%2C451&ssl=1&resize=525%2C300 1.5x"},"classes":[]},{"id":20,"url":"https:\/\/www.steenkamper.de\/index.php\/verein\/","url_meta":{"origin":1106,"position":3},"title":"Verein","author":"admin","date":"14\/12\/2015","format":false,"excerpt":"Die Heimst\u00e4ttervereinigung Steenkamp e.V. ist die Keimzelle der Steenkampsiedlung und der SAGA. Seit Bestehen des Vereines (1920) ist Ihr Sinn und Zweck in der Satzung fest gelegt:\u00a0 \u201cDer Verein will durch den Zusammenschluss der Heimst\u00e4tter und Heimst\u00e4tterinnen in der Siedlung Steenkamp eine gemeinsame Interessenvertretung der Mieter und Mieterinnen, der Eigent\u00fcmer\u2026","rel":"","context":"\u00c4hnlicher Beitrag","block_context":{"text":"\u00c4hnlicher Beitrag","link":""},"img":{"alt_text":"","src":"https:\/\/i1.wp.com\/www.steenkamper.de\/wp-content\/uploads\/2020\/09\/qrIBAN.jpg?resize=350%2C200&ssl=1","width":350,"height":200},"classes":[]},{"id":30674,"url":"https:\/\/www.steenkamper.de\/index.php\/waermepumpenbedarf\/","url_meta":{"origin":1106,"position":4},"title":"(W\u00e4rmenetz)-W\u00e4rmepumpen Bedarfsermittlung","author":"Max","date":"02\/12\/2025","format":false,"excerpt":"TEST SEITE \u2026 NOCH NICHT IN OFFIZIELLER BENUTZUNG!! Wir wollen rausfinden wo die Idee von einem Erdw\u00e4rmenetz den gr\u00f6\u00dften auf das Interesse st\u00f6\u00dft. Wer hat wo Interesse? Bitte tragt euren Standort (Adresse) in die Karte ein, so bekommen wir alle einen \u00dcberblick wo und wieviele W\u00e4rmepumpen wir vernetzen k\u00f6nnen. Dr\u00fccke\u2026","rel":"","context":"\u00c4hnlicher Beitrag","block_context":{"text":"\u00c4hnlicher Beitrag","link":""},"img":{"alt_text":"","src":"","width":0,"height":0},"classes":[]},{"id":3390,"url":"https:\/\/www.steenkamper.de\/index.php\/ideen-plaene\/","url_meta":{"origin":1106,"position":5},"title":"IDEEN &#038; PL\u00c4NE","author":"Max","date":"19\/02\/2017","format":false,"excerpt":"Auf der Zukunftswerkstatt am 18.2.17 sind Ideen und Pl\u00e4ne entstanden. Diese sind hier aufgelistet und k\u00f6nnen kommentiert und\/oder erg\u00e4nzt werden. Zu den einzelnen Ideenfeldern haben sich Arbeitsgruppen gebildet. Ansprechpartner sind jeweils genannt. Wer Interesse hat sich an der Verwirklichung der Vorhaben zu beteiligen meldet sich bitte bei diesen. KULTUR \/\u2026","rel":"","context":"Mit 1 Kommentar","block_context":{"text":"Mit 1 Kommentar","link":"https:\/\/www.steenkamper.de\/index.php\/ideen-plaene\/#comments"},"img":{"alt_text":"","src":"https:\/\/i0.wp.com\/www.steenkamper.de\/wp-content\/uploads\/2016\/01\/DerSteenkamper.jpg?fit=703%2C247&ssl=1&resize=350%2C200","width":350,"height":200,"srcset":"https:\/\/i0.wp.com\/www.steenkamper.de\/wp-content\/uploads\/2016\/01\/DerSteenkamper.jpg?fit=703%2C247&ssl=1&resize=350%2C200 1x, https:\/\/i0.wp.com\/www.steenkamper.de\/wp-content\/uploads\/2016\/01\/DerSteenkamper.jpg?fit=703%2C247&ssl=1&resize=525%2C300 1.5x, https:\/\/i0.wp.com\/www.steenkamper.de\/wp-content\/uploads\/2016\/01\/DerSteenkamper.jpg?fit=703%2C247&ssl=1&resize=700%2C400 2x"},"classes":[]}],"ticketed":false,"_links":{"self":[{"href":"https:\/\/www.steenkamper.de\/index.php\/wp-json\/wp\/v2\/pages\/1106","targetHints":{"allow":["GET"]}}],"collection":[{"href":"https:\/\/www.steenkamper.de\/index.php\/wp-json\/wp\/v2\/pages"}],"about":[{"href":"https:\/\/www.steenkamper.de\/index.php\/wp-json\/wp\/v2\/types\/page"}],"author":[{"embeddable":true,"href":"https:\/\/www.steenkamper.de\/index.php\/wp-json\/wp\/v2\/users\/6"}],"replies":[{"embeddable":true,"href":"https:\/\/www.steenkamper.de\/index.php\/wp-json\/wp\/v2\/comments?post=1106"}],"version-history":[{"count":3,"href":"https:\/\/www.steenkamper.de\/index.php\/wp-json\/wp\/v2\/pages\/1106\/revisions"}],"predecessor-version":[{"id":1135,"href":"https:\/\/www.steenkamper.de\/index.php\/wp-json\/wp\/v2\/pages\/1106\/revisions\/1135"}],"wp:attachment":[{"href":"https:\/\/www.steenkamper.de\/index.php\/wp-json\/wp\/v2\/media?parent=1106"}],"curies":[{"name":"wp","href":"https:\/\/api.w.org\/{rel}","templated":true}]}}