{"id":1066,"date":"2016-01-05T12:59:25","date_gmt":"2016-01-05T10:59:25","guid":{"rendered":"http:\/\/wp.steenkamper.de\/?page_id=1066"},"modified":"2023-02-20T11:52:33","modified_gmt":"2023-02-20T10:52:33","slug":"das-cafe","status":"publish","type":"page","link":"https:\/\/www.steenkamper.de\/index.php\/das-cafe\/","title":{"rendered":"Das Caf\u00e9"},"content":{"rendered":"<div class=\"page\" title=\"Page 10\">\n<div class=\"layoutArea\">\n<div class=\"column\">\n<p><strong>Das Caf\u00e9\u00a0\u00f6ffnet seine T\u00fcr\u00a0jeweils Fr. &amp; Sa.\u00a0von 14-18h<br \/>\n<\/strong>im Steenkamp 16 (an der Vogelweide)<\/p>\n<p><img data-recalc-dims=\"1\" fetchpriority=\"high\" decoding=\"async\" data-attachment-id=\"16922\" data-permalink=\"https:\/\/www.steenkamper.de\/index.php\/2021\/10\/31\/handys-fuer-hummeln-bienen\/img_3922\/\" data-orig-file=\"https:\/\/i0.wp.com\/www.steenkamper.de\/wp-content\/uploads\/2021\/10\/img_3922.jpg?fit=692%2C333&amp;ssl=1\" data-orig-size=\"692,333\" data-comments-opened=\"1\" data-image-meta=\"{&quot;aperture&quot;:&quot;0&quot;,&quot;credit&quot;:&quot;&quot;,&quot;camera&quot;:&quot;&quot;,&quot;caption&quot;:&quot;&quot;,&quot;created_timestamp&quot;:&quot;0&quot;,&quot;copyright&quot;:&quot;&quot;,&quot;focal_length&quot;:&quot;0&quot;,&quot;iso&quot;:&quot;0&quot;,&quot;shutter_speed&quot;:&quot;0&quot;,&quot;title&quot;:&quot;&quot;,&quot;orientation&quot;:&quot;1&quot;}\" data-image-title=\"Das Caf\u00e9\" data-image-description=\"\" data-image-caption=\"\" data-large-file=\"https:\/\/i0.wp.com\/www.steenkamper.de\/wp-content\/uploads\/2021\/10\/img_3922.jpg?fit=692%2C333&amp;ssl=1\" class=\"alignnone wp-image-16922 \" src=\"https:\/\/i0.wp.com\/www.steenkamper.de\/wp-content\/uploads\/2021\/10\/img_3922.jpg?resize=457%2C220&#038;ssl=1\" alt=\"\" width=\"457\" height=\"220\" srcset=\"https:\/\/i0.wp.com\/www.steenkamper.de\/wp-content\/uploads\/2021\/10\/img_3922.jpg?w=692&amp;ssl=1 692w, https:\/\/i0.wp.com\/www.steenkamper.de\/wp-content\/uploads\/2021\/10\/img_3922.jpg?resize=300%2C144&amp;ssl=1 300w, https:\/\/i0.wp.com\/www.steenkamper.de\/wp-content\/uploads\/2021\/10\/img_3922.jpg?resize=450%2C217&amp;ssl=1 450w\" sizes=\"(max-width: 457px) 100vw, 457px\" \/><\/p>\n<p><strong>Zum Lockdown<\/strong> Verkauf au\u00dfer Haus:<br \/>\nUnter: <a href=\"mailto:dascafe.steenkamp16@gmx.de\">dascafe.steenkamp16(at)gmx.de<\/a><br \/>\noder unter 0162 9172416 kann Kuchen bestellt werden.<br \/>\nWir verabreden dann eine Abholzeit.<\/p>\n<hr \/>\n<p><strong>JUBIL\u00c4UM:\u00a05 Jahre &#8220;DAS CAF\u00c9&#8221; im Steenkamp<\/strong><\/p>\n<p>Artikel aus dem <a href=\"https:\/\/www.magglance.com\/Magazine\/e795616d9273494592987527d69af0ac\/white\" target=\"_blank\" rel=\"noopener noreferrer\">Steenkamper 2\/2019<\/a>:<br \/>\n<a href=\"https:\/\/i0.wp.com\/www.steenkamper.de\/wp-content\/uploads\/2019\/08\/5JahreCaf%C3%A91.png?ssl=1\" target=\"_blank\" rel=\"noopener\"><img data-recalc-dims=\"1\" decoding=\"async\" data-attachment-id=\"8615\" data-permalink=\"https:\/\/www.steenkamper.de\/index.php\/das-cafe\/5jahrecafe1\/\" data-orig-file=\"https:\/\/i0.wp.com\/www.steenkamper.de\/wp-content\/uploads\/2019\/08\/5JahreCaf%C3%A91.png?fit=1784%2C1254&amp;ssl=1\" data-orig-size=\"1784,1254\" data-comments-opened=\"1\" data-image-meta=\"{&quot;aperture&quot;:&quot;0&quot;,&quot;credit&quot;:&quot;&quot;,&quot;camera&quot;:&quot;&quot;,&quot;caption&quot;:&quot;&quot;,&quot;created_timestamp&quot;:&quot;0&quot;,&quot;copyright&quot;:&quot;&quot;,&quot;focal_length&quot;:&quot;0&quot;,&quot;iso&quot;:&quot;0&quot;,&quot;shutter_speed&quot;:&quot;0&quot;,&quot;title&quot;:&quot;&quot;,&quot;orientation&quot;:&quot;0&quot;}\" data-image-title=\"5JahreCaf\u00e91\" data-image-description=\"\" data-image-caption=\"\" data-large-file=\"https:\/\/i0.wp.com\/www.steenkamper.de\/wp-content\/uploads\/2019\/08\/5JahreCaf%C3%A91.png?fit=750%2C527&amp;ssl=1\" class=\"alignnone wp-image-8615\" src=\"https:\/\/i0.wp.com\/www.steenkamper.de\/wp-content\/uploads\/2019\/08\/5JahreCaf%C3%A91.png?resize=424%2C298&#038;ssl=1\" alt=\"\" width=\"424\" height=\"298\" srcset=\"https:\/\/i0.wp.com\/www.steenkamper.de\/wp-content\/uploads\/2019\/08\/5JahreCaf%C3%A91.png?resize=300%2C211&amp;ssl=1 300w, https:\/\/i0.wp.com\/www.steenkamper.de\/wp-content\/uploads\/2019\/08\/5JahreCaf%C3%A91.png?resize=768%2C540&amp;ssl=1 768w, https:\/\/i0.wp.com\/www.steenkamper.de\/wp-content\/uploads\/2019\/08\/5JahreCaf%C3%A91.png?resize=1024%2C720&amp;ssl=1 1024w, https:\/\/i0.wp.com\/www.steenkamper.de\/wp-content\/uploads\/2019\/08\/5JahreCaf%C3%A91.png?resize=500%2C351&amp;ssl=1 500w, https:\/\/i0.wp.com\/www.steenkamper.de\/wp-content\/uploads\/2019\/08\/5JahreCaf%C3%A91.png?resize=450%2C316&amp;ssl=1 450w, https:\/\/i0.wp.com\/www.steenkamper.de\/wp-content\/uploads\/2019\/08\/5JahreCaf%C3%A91.png?w=1784&amp;ssl=1 1784w, https:\/\/i0.wp.com\/www.steenkamper.de\/wp-content\/uploads\/2019\/08\/5JahreCaf%C3%A91.png?w=1500&amp;ssl=1 1500w\" sizes=\"(max-width: 424px) 100vw, 424px\" \/><\/a><a href=\"https:\/\/i0.wp.com\/www.steenkamper.de\/wp-content\/uploads\/2019\/08\/5JahreCaf%C3%A92.png?ssl=1\" target=\"_blank\" rel=\"noopener\"><img data-recalc-dims=\"1\" decoding=\"async\" data-attachment-id=\"8616\" data-permalink=\"https:\/\/www.steenkamper.de\/index.php\/das-cafe\/5jahrecafe2\/\" data-orig-file=\"https:\/\/i0.wp.com\/www.steenkamper.de\/wp-content\/uploads\/2019\/08\/5JahreCaf%C3%A92.png?fit=884%2C1254&amp;ssl=1\" data-orig-size=\"884,1254\" data-comments-opened=\"1\" data-image-meta=\"{&quot;aperture&quot;:&quot;0&quot;,&quot;credit&quot;:&quot;&quot;,&quot;camera&quot;:&quot;&quot;,&quot;caption&quot;:&quot;&quot;,&quot;created_timestamp&quot;:&quot;0&quot;,&quot;copyright&quot;:&quot;&quot;,&quot;focal_length&quot;:&quot;0&quot;,&quot;iso&quot;:&quot;0&quot;,&quot;shutter_speed&quot;:&quot;0&quot;,&quot;title&quot;:&quot;&quot;,&quot;orientation&quot;:&quot;0&quot;}\" data-image-title=\"5JahreCaf\u00e92\" data-image-description=\"\" data-image-caption=\"\" data-large-file=\"https:\/\/i0.wp.com\/www.steenkamper.de\/wp-content\/uploads\/2019\/08\/5JahreCaf%C3%A92.png?fit=722%2C1024&amp;ssl=1\" class=\"alignnone wp-image-8616 size-medium\" src=\"https:\/\/i0.wp.com\/www.steenkamper.de\/wp-content\/uploads\/2019\/08\/5JahreCaf%C3%A92.png?resize=211%2C300&#038;ssl=1\" alt=\"\" width=\"211\" height=\"300\" srcset=\"https:\/\/i0.wp.com\/www.steenkamper.de\/wp-content\/uploads\/2019\/08\/5JahreCaf%C3%A92.png?resize=211%2C300&amp;ssl=1 211w, https:\/\/i0.wp.com\/www.steenkamper.de\/wp-content\/uploads\/2019\/08\/5JahreCaf%C3%A92.png?resize=768%2C1089&amp;ssl=1 768w, https:\/\/i0.wp.com\/www.steenkamper.de\/wp-content\/uploads\/2019\/08\/5JahreCaf%C3%A92.png?resize=722%2C1024&amp;ssl=1 722w, https:\/\/i0.wp.com\/www.steenkamper.de\/wp-content\/uploads\/2019\/08\/5JahreCaf%C3%A92.png?resize=500%2C709&amp;ssl=1 500w, https:\/\/i0.wp.com\/www.steenkamper.de\/wp-content\/uploads\/2019\/08\/5JahreCaf%C3%A92.png?resize=450%2C638&amp;ssl=1 450w, https:\/\/i0.wp.com\/www.steenkamper.de\/wp-content\/uploads\/2019\/08\/5JahreCaf%C3%A92.png?w=884&amp;ssl=1 884w\" sizes=\"(max-width: 211px) 100vw, 211px\" \/><\/a><\/p>\n<hr \/>\n<p><strong>Von der Idee zum Caf\u00e9<\/strong><\/p>\n<p>Es begann vor vielen Jahren, eine Idee setzte sich in meinem Kopf fest.<br \/>\nMeine t\u00e4gliche Arbeit mit Menschen mit Lernschwierigkeiten brachte mich darauf. Ich wollte Arbeits- und Besch\u00e4ftigungspl\u00e4tze f\u00fcr diese Menschen schaffen. Mit Unterst\u00fctzung von Kollegen und Kolleginnen wurde ein Konzept erarbeitet, welches dann 2003 an einem Wettbewerb des Hamburger Senates teilnahm. Das Konzept &#8211; Der Stadthof &#8211; ein Ort in der Stadt mit mehreren Arbeitsbereichen: ein Caf\u00e9, &#8211; Tierhaltung \u2013 ein Gew\u00e4chshaus mit Pflanzenverkauf, ein Ort der Begegnung, wurde vom Senat pr\u00e4miert. Leider gab es f\u00fcr die Umsetzung keine F\u00f6rdergelder.<br \/>\nDrei Jahre lang versuchten wir die Beh\u00f6rde zu \u00fcberzeugen, das Projekt finanziell zu unterst\u00fctzen. So gr\u00fcndeten wir im Jahre 2006 den F\u00f6rderkreis Stadthof e.V. und versuchten Gelder einzuwerben. 2010 wurden unsere Bem\u00fchungen zum Teil belohnt. Der F\u00f6rderkreis erhielt vom Hamburger Spendenparlament eine Spende mit der wir ein Fr\u00fchst\u00fcckscaf\u00e9 in Hamburg Eimsb\u00fcttel aufbauen und betreiben konnten. Die Spende war auf ein Jahr ausgerichtet. Weil es aber allen Beteiligten so viel Spa\u00df machte, entschloss sich das \u201eSchm\u00f6kercaf\u00e9\u201c \u2013 Team ehrenamtlich, jeden 1. Samstag im Monat das Caf\u00e9 weiter zu betreiben.<\/p>\n<p>Das \u201cSchm\u00f6kercaf\u00e9\u201c im Eppendorfer Weg 187 gibt es nun seit 4 Jahren. Die Menschen mit Lernschwierigkeiten lernten in dieser Zeit viel und machen ihre Sache super.<\/p>\n<p>Ortswechsel: Steenkamp 16<br \/>\n1992 bin ich mit\u00a0meinem Mann zur\u00fcck\u00a0gezogen in den\u00a0Steenkamp, wo ich\u00a0mit meiner Familie bis 1960 wohnte. Wir haben den ehemaligen Elektroladen und die Werkstatt meines Gro\u00dfvaters als Wohnraum umgebaut.<br \/>\nIrgendwann gab es (mehr aus Spa\u00df) die Idee: eigentlich k\u00f6nnten wir hier am Wochenende selbstgebackenen Kuchen verkaufen. Alle, auch Freundin und Untermieterin, waren begeistert von der Idee. Bis zur Umsetzung ist nun viel Zeit vergangen, die Idee blieb aber.<\/p>\n<\/div>\n<\/div>\n<div class=\"layoutArea\">\n<div class=\"column\">\n<p>Da wir f\u00fcr den F\u00f6rderkreis Stadthof nach dem passenden und bezahlbaren Ort f\u00fcr das Besch\u00e4ftigungsprojekt \u2013 ohne Erfolg \u2013 suchten, wurden die beiden Ideen miteinander verbunden. Wir begannen mit dem Stadthof im Steenkamp und planten nun endlich ein Caf\u00e9.<\/p>\n<\/div>\n<\/div>\n<\/div>\n<div class=\"page\" title=\"Page 11\">\n<div class=\"layoutArea\">\n<div class=\"column\">\n<p>Dazu musste ein Antrag beim Bauamt gestellt werden (das konnte nur ein Architekt, oder Maurermeister, laut Gesetz). Wir fanden einen netten Maurermeister, der das f\u00fcr uns gemacht hat. Das Caf\u00e9 wurde genehmigt, auch der Lebensmittelkontrolleur fand alles in Ordnung.<\/p>\n<p>F\u00fcr die Umgestaltung und Einrichtung des Caf\u00e9s bekamen wir von Verwandten und Freunden viele Spenden. Und nun ist es soweit!!!<\/p>\n<p>Das Caf\u00e9 \u00f6ffnet seine T\u00fcr nun jeweils freitags und samstags von 14.00- 18.00 Uhr.<\/p>\n<p>Es gibt selbstgebackenen Kuchen mit frisch gemahlenem Bio \u2013 Dinkelmehl, Kaffee, Kakao, Tee, Saft und Selter.<br \/>\nWir freuen uns alle sehr darauf und sind gespannt, wie Das Caf\u00e9 (es ist sehr klein) in der Siedlung angenommen wird.<\/p>\n<p>In diesem Bereich sind wir alle keine Profis und bitten um Nachsicht, wenn mal etwas nicht so klappt. Ihre\/Eure W\u00fcnsche stehen im Mittelpunkt, so werden wir uns bem\u00fchen, sie zu erf\u00fcllen.<\/p>\n<p>F\u00fcr Das Caf\u00e9 Team und f\u00fcr den F\u00f6rderkreis Stadthof e.V. Annegret L\u00fchrs<\/p>\n<p>aus dem Steenkamper Ausgabe 3 \/ Dezember 2014<\/p>\n<\/div>\n<\/div>\n<\/div>\n","protected":false},"excerpt":{"rendered":"<p>Das Caf\u00e9\u00a0\u00f6ffnet seine T\u00fcr\u00a0jeweils Fr. &amp; Sa.\u00a0von 14-18h im Steenkamp 16 (an der Vogelweide) Zum Lockdown Verkauf au\u00dfer Haus: Unter: dascafe.steenkamp16(at)gmx.de oder unter 0162 9172416 kann Kuchen bestellt werden. Wir&#8230; <\/p>\n<p><a class=\"teaser-more\" href=\"https:\/\/www.steenkamper.de\/index.php\/das-cafe\/\">weiter lesen<\/a><\/p>\n","protected":false},"author":6,"featured_media":0,"parent":0,"menu_order":0,"comment_status":"closed","ping_status":"closed","template":"","meta":{"_acf_changed":false,"_price":"","_stock":"","_tribe_ticket_header":"","_tribe_default_ticket_provider":"","_tribe_ticket_capacity":"0","_ticket_start_date":"","_ticket_end_date":"","_tribe_ticket_show_description":"","_tribe_ticket_show_not_going":false,"_tribe_ticket_use_global_stock":"","_tribe_ticket_global_stock_level":"","_global_stock_mode":"","_global_stock_cap":"","_tribe_rsvp_for_event":"","_tribe_ticket_going_count":"","_tribe_ticket_not_going_count":"","_tribe_tickets_list":"[]","_tribe_ticket_has_attendee_info_fields":false,"jetpack_post_was_ever_published":false,"footnotes":"","_tec_slr_enabled":"","_tec_slr_layout":""},"class_list":["post-1066","page","type-page","status-publish","hentry"],"acf":[],"jetpack_sharing_enabled":false,"jetpack_shortlink":"https:\/\/wp.me\/P74Wuo-hc","jetpack_likes_enabled":true,"jetpack-related-posts":[{"id":13378,"url":"https:\/\/www.steenkamper.de\/index.php\/termine-2020\/","url_meta":{"origin":1066,"position":0},"title":"Termine 2020","author":"Max","date":"29\/11\/2020","format":false,"excerpt":"Januarbis 5.1. Schulferienbis 15.1. WC Sanierung\/Renovierung13.1. \u00f6ffentliche Vorstandssitzung 20h (wg. der Toilettenrenovierung nicht \u00f6ffentlich)15.1. \u201eSteenkamp-History\u201c Geschichtswerkstatt 20h18.1. Neujahrsempfang 24.1. Vortrag: Hans-Peter Strenge \"NS Zeit in der Steenkampsiedlung\" 19.30h25.1. Swing-Tanzsalon 19.30h26.1. Caf\u00e9 \"Vogelweide\" im Steenkampsaal 15-17h Februar.?.?. Kinderfasching 15h (f\u00e4llt aus)1.2. Vortrag: Dr. Martin Kubiak \"Bedrohte Insektenvielfalt\"2.2. Blecheisenbahn im Steenkampsaal 15-16.30h10.2.\u2026","rel":"","context":"\u00c4hnlicher Beitrag","block_context":{"text":"\u00c4hnlicher Beitrag","link":""},"img":{"alt_text":"","src":"","width":0,"height":0},"classes":[]},{"id":9134,"url":"https:\/\/www.steenkamper.de\/index.php\/termine-2019\/","url_meta":{"origin":1066,"position":1},"title":"Termine 2019","author":"Max","date":"11\/11\/2019","format":false,"excerpt":"(Link zu: \"das war 2018\") 2019 Januar20.12.2018 - 4.1.2019 Schulferien8.4. \u00f6ffentliche Vorstandssitzung im Saal 20h16.1. Ausschusstreffen Fl\u00fcchtlingsausschuss\u00a019.30h26.1. H\u00e4ppchen-Salon 20h27.1.\u00a0Caf\u00e9 \"Vogelweide\" im Steenkampsaal\u00a015-17h Februar10.2. Kinderfasching 15h12.2. Puppentheater 16h16.2. AUSR\u00c4UM-AKTION im Saal 11h18.2. \u2013 20.3. wg. Renovierung: Saal GESPERRT!!!\u26a0\ufe0f 24.2. Caf\u00e9 \"Vogelweide\" im Steenkampsaal\u00a015-17hdiesmal in der \"Freien evangelischen Gemeinde\" Kielkamp 49 M\u00e4rz2.-17.3.\u2026","rel":"","context":"\u00c4hnlicher Beitrag","block_context":{"text":"\u00c4hnlicher Beitrag","link":""},"img":{"alt_text":"","src":"","width":0,"height":0},"classes":[]},{"id":286,"url":"https:\/\/www.steenkamper.de\/index.php\/kooperationspartner\/","url_meta":{"origin":1066,"position":2},"title":"Kooperationspartner\/Links","author":"Max","date":"16\/12\/2015","format":false,"excerpt":"Nachbarschaftscaf\u00e9 \u201eDas Caf\u00e9\u201c des F\u00f6rderkreis Stadthof e.V.\u00a0 direkt an der Vogelweide, Steenkamp 16 Das Caf\u00e9 \u00f6ffnet seine T\u00fcr jeweils freitags und samstags von 14.00- 18.00 Uhr. Ev. Melanchthon-Kirchengemeinde Hamburg-Flottbek in der\u00a0Ebertallee 30 Es finden Gottesdienste mit Taufen beim Sommerfest statt sowie Gottesdienste mit Tschernobylkindern und den \u201eSteenkampsingern\u201c. Sozialkaufhaus \u201eBaNotke\u201c Spenden\u2026","rel":"","context":"\u00c4hnlicher Beitrag","block_context":{"text":"\u00c4hnlicher Beitrag","link":""},"img":{"alt_text":"","src":"","width":0,"height":0},"classes":[]},{"id":7257,"url":"https:\/\/www.steenkamper.de\/index.php\/termine-2018\/","url_meta":{"origin":1066,"position":3},"title":"Termine 2018","author":"Max","date":"11\/11\/2018","format":false,"excerpt":"(Link zu: \"das war 2017\") 2018 \u00a0 Januar 10.1. Ausschusstreffen Fl\u00fcchtlingsausschuss\u00a019.30h 27.1.\u00a0Fl\u00fcchtlingsausschuss\u00a0- Caf\u00e9 \"Vogelweide\" im Steenkampsaal\u00a015-17h diesmal Samstag und \"Tanz-Caf\u00e9\"!\u00a0\u26a0\u00a0SAMSTAG!!! 28.1. Kinderfasching 15h Februar 3.2. Kultursalon 20h 13.2. Puppen Theater\u00a016h 17.2. Zukunftswerkstatt 2018\u00a016-19h 25.2.\u00a0Fl\u00fcchtlingsausschuss\u00a0- Caf\u00e9 \"Vogelweide\" im Steenkampsaal\u00a015-17h M\u00e4rz 3.-18.3. Schulferien\/Osterferien 21.3. Mitgliederversammlung\u00a019h 24.3. Hamburg r\u00e4umt auf 15h 25.3.\u00a0Fl\u00fcchtlingsausschuss\u00a0- Caf\u00e9\u2026","rel":"","context":"\u00c4hnlicher Beitrag","block_context":{"text":"\u00c4hnlicher Beitrag","link":""},"img":{"alt_text":"","src":"","width":0,"height":0},"classes":[]},{"id":9584,"url":"https:\/\/www.steenkamper.de\/index.php\/kalenderblatt\/","url_meta":{"origin":1066,"position":4},"title":"Kalenderblatt","author":"Max","date":"10\/12\/2019","format":false,"excerpt":"Spannende Siedlungsgeschichte(n): neu entdeckenKalenderbl\u00e4tter \/ Schautafeln in der SteenkampsiedlungIm Jubil\u00e4umsjahr 2020 werden an wechselnden Orten monatlich neue Tafeln mit Bildern und Texten zu jeweils einem interessanten Aspekt der Siedlungsgeschichte aufgestellt, auch mit Blick auf heute. Auf jeder Tafel soll es einen Link (QR-Code) zu weiterf\u00fchrenden Informationen und\/oder Fotos geben.Wussten Sie,\u2026","rel":"","context":"\u00c4hnlicher Beitrag","block_context":{"text":"\u00c4hnlicher Beitrag","link":""},"img":{"alt_text":"","src":"https:\/\/i0.wp.com\/www.steenkamper.de\/wp-content\/uploads\/2019\/12\/logo-steenkamp-jubilaeum-KLEIN.png?resize=350%2C200&ssl=1","width":350,"height":200,"srcset":"https:\/\/i0.wp.com\/www.steenkamper.de\/wp-content\/uploads\/2019\/12\/logo-steenkamp-jubilaeum-KLEIN.png?resize=350%2C200&ssl=1 1x, https:\/\/i0.wp.com\/www.steenkamper.de\/wp-content\/uploads\/2019\/12\/logo-steenkamp-jubilaeum-KLEIN.png?resize=525%2C300&ssl=1 1.5x, https:\/\/i0.wp.com\/www.steenkamper.de\/wp-content\/uploads\/2019\/12\/logo-steenkamp-jubilaeum-KLEIN.png?resize=700%2C400&ssl=1 2x, https:\/\/i0.wp.com\/www.steenkamper.de\/wp-content\/uploads\/2019\/12\/logo-steenkamp-jubilaeum-KLEIN.png?resize=1050%2C600&ssl=1 3x"},"classes":[]},{"id":7395,"url":"https:\/\/www.steenkamper.de\/index.php\/termine-2018-2\/","url_meta":{"origin":1066,"position":5},"title":"Termine 2018","author":"Max","date":"15\/12\/2018","format":false,"excerpt":"das war 2018: Januar 10.1. Ausschusstreffen Fl\u00fcchtlingsausschuss\u00a019.30h 27.1.\u00a0Fl\u00fcchtlingsausschuss\u00a0- Caf\u00e9 \"Vogelweide\" im Steenkampsaal\u00a015-17h diesmal Samstag und \"Tanz-Caf\u00e9\"!\u00a0\u26a0\u00a0SAMSTAG!!! 28.1. Kinderfasching 15h Februar 3.2. Kultursalon 20h 13.2. Puppen Theater\u00a016h 17.2. Zukunftswerkstatt 2018\u00a016-19h 25.2.\u00a0Fl\u00fcchtlingsausschuss\u00a0- Caf\u00e9 \"Vogelweide\" im Steenkampsaal\u00a015-17h M\u00e4rz 3.-18.3. Schulferien\/Osterferien 21.3. Mitgliederversammlung\u00a019h 24.3. Hamburg r\u00e4umt auf 15h 25.3.\u00a0Fl\u00fcchtlingsausschuss\u00a0- Caf\u00e9 \"Vogelweide\" im Steenkampsaal\u00a015-17h April\u2026","rel":"","context":"\u00c4hnlicher Beitrag","block_context":{"text":"\u00c4hnlicher Beitrag","link":""},"img":{"alt_text":"","src":"","width":0,"height":0},"classes":[]}],"ticketed":false,"_links":{"self":[{"href":"https:\/\/www.steenkamper.de\/index.php\/wp-json\/wp\/v2\/pages\/1066","targetHints":{"allow":["GET"]}}],"collection":[{"href":"https:\/\/www.steenkamper.de\/index.php\/wp-json\/wp\/v2\/pages"}],"about":[{"href":"https:\/\/www.steenkamper.de\/index.php\/wp-json\/wp\/v2\/types\/page"}],"author":[{"embeddable":true,"href":"https:\/\/www.steenkamper.de\/index.php\/wp-json\/wp\/v2\/users\/6"}],"replies":[{"embeddable":true,"href":"https:\/\/www.steenkamper.de\/index.php\/wp-json\/wp\/v2\/comments?post=1066"}],"version-history":[{"count":16,"href":"https:\/\/www.steenkamper.de\/index.php\/wp-json\/wp\/v2\/pages\/1066\/revisions"}],"predecessor-version":[{"id":22700,"href":"https:\/\/www.steenkamper.de\/index.php\/wp-json\/wp\/v2\/pages\/1066\/revisions\/22700"}],"wp:attachment":[{"href":"https:\/\/www.steenkamper.de\/index.php\/wp-json\/wp\/v2\/media?parent=1066"}],"curies":[{"name":"wp","href":"https:\/\/api.w.org\/{rel}","templated":true}]}}