{"id":10505,"date":"2020-03-26T11:20:15","date_gmt":"2020-03-26T10:20:15","guid":{"rendered":"https:\/\/www.steenkamper.de\/?page_id=10505"},"modified":"2022-09-17T14:54:00","modified_gmt":"2022-09-17T12:54:00","slug":"foerderbeitrag","status":"publish","type":"page","link":"https:\/\/www.steenkamper.de\/index.php\/foerderbeitrag\/","title":{"rendered":"F\u00f6rderbeitrag"},"content":{"rendered":"\n<p><strong>Unterst\u00fctzen Sie die Gemeinschaft durch Ihre Mitgliedschaft<\/strong> <strong>und einen zus\u00e4tzlichen freiwilligen F\u00f6rderbeitrag.<\/strong> <\/p>\n\n\n<div class=\"wp-block-jetpack-contact-form is-layout-flex wp-container-jetpack-contact-form-is-layout-faa3ad1c wp-block-jetpack-contact-form-is-layout-flex\"><a href=\"https:\/\/www.steenkamper.de\/index.php\/foerderbeitrag\/\" target=\"_blank\" rel=\"noopener noreferrer\">Formular einreichen.<\/a><\/div>\n\n\n<p><a href=\"https:\/\/www.steenkamper.de\/index.php\/datenschutzerklaerung\/\">Datenschutzerkl\u00e4rung<\/a>&nbsp;der Heimst\u00e4ttervereinigung Steenkamp e.V.<\/p>\n","protected":false},"excerpt":{"rendered":"<p>Unterst\u00fctzen Sie die Gemeinschaft durch Ihre Mitgliedschaft und einen zus\u00e4tzlichen freiwilligen F\u00f6rderbeitrag. Datenschutzerkl\u00e4rung&nbsp;der Heimst\u00e4ttervereinigung Steenkamp e.V.<\/p>\n","protected":false},"author":6,"featured_media":0,"parent":0,"menu_order":0,"comment_status":"closed","ping_status":"closed","template":"","meta":{"_acf_changed":false,"_price":"","_stock":"","_tribe_ticket_header":"","_tribe_default_ticket_provider":"","_tribe_ticket_capacity":"0","_ticket_start_date":"","_ticket_end_date":"","_tribe_ticket_show_description":"","_tribe_ticket_show_not_going":false,"_tribe_ticket_use_global_stock":"","_tribe_ticket_global_stock_level":"","_global_stock_mode":"","_global_stock_cap":"","_tribe_rsvp_for_event":"","_tribe_ticket_going_count":"","_tribe_ticket_not_going_count":"","_tribe_tickets_list":"[]","_tribe_ticket_has_attendee_info_fields":false,"jetpack_post_was_ever_published":false,"footnotes":"","_tec_slr_enabled":"","_tec_slr_layout":""},"class_list":["post-10505","page","type-page","status-publish","hentry"],"acf":[],"jetpack_sharing_enabled":true,"jetpack_shortlink":"https:\/\/wp.me\/P74Wuo-2Jr","jetpack_likes_enabled":true,"jetpack-related-posts":[{"id":257,"url":"https:\/\/www.steenkamper.de\/index.php\/mitglied-werden\/","url_meta":{"origin":10505,"position":0},"title":"Mitglied werden","author":"Max","date":"15\/12\/2015","format":false,"excerpt":"Du bist gern dabei \u2013 willst Du nicht auch dazugeh\u00f6ren? Du genie\u00dft das Sommerfest auf der Vogelweide, machst mit bei unseren Quizabenden oder tanzt mit in den Mai?Dann kennst Du schon das Herz der Steenkampsiedlung \u2013 unsere lebendige Nachbarschaft. Vielleicht ist jetzt genau der richtige Moment, offiziell Teil davon zu\u2026","rel":"","context":"\u00c4hnlicher Beitrag","block_context":{"text":"\u00c4hnlicher Beitrag","link":""},"img":{"alt_text":"","src":"","width":0,"height":0},"classes":[]},{"id":255,"url":"https:\/\/www.steenkamper.de\/index.php\/verein\/verein-2\/","url_meta":{"origin":10505,"position":1},"title":"Der Verein","author":"Max","date":"15\/12\/2015","format":false,"excerpt":"Die Steenkamper \u2013 HEIMST\u00c4TTERVEREINIGUNG STEENKAMP E.V. Mitglied werden freiwilliger zus\u00e4tzlicher F\u00f6rderbeitrag der Verein Engagierte Nachbarn Vorstand Satzung Aussch\u00fcsse regelm\u00e4\u00dfige Gruppen Saal Downloads Steenkamper Medien \u2013 Der Steenkamper & Newsletter, Nachbarschaftsplan etc. Pressespiegel Kooperationspartner\/Links Hinweise und Links Wissensspeicher-Knowledgebase\u00a0 Cloud F\u00f6rderer","rel":"","context":"\u00c4hnlicher Beitrag","block_context":{"text":"\u00c4hnlicher Beitrag","link":""},"img":{"alt_text":"img_3269","src":"https:\/\/i0.wp.com\/www.steenkamper.de\/wp-content\/uploads\/2017\/11\/img_3269-300x111.jpg?resize=350%2C200&ssl=1","width":350,"height":200},"classes":[]},{"id":20,"url":"https:\/\/www.steenkamper.de\/index.php\/verein\/","url_meta":{"origin":10505,"position":2},"title":"Verein","author":"admin","date":"14\/12\/2015","format":false,"excerpt":"Die Heimst\u00e4ttervereinigung Steenkamp e.V. ist die Keimzelle der Steenkampsiedlung und der SAGA. Seit Bestehen des Vereines (1920) ist Ihr Sinn und Zweck in der Satzung fest gelegt:\u00a0 \u201cDer Verein will durch den Zusammenschluss der Heimst\u00e4tter und Heimst\u00e4tterinnen in der Siedlung Steenkamp eine gemeinsame Interessenvertretung der Mieter und Mieterinnen, der Eigent\u00fcmer\u2026","rel":"","context":"\u00c4hnlicher Beitrag","block_context":{"text":"\u00c4hnlicher Beitrag","link":""},"img":{"alt_text":"","src":"https:\/\/i1.wp.com\/www.steenkamper.de\/wp-content\/uploads\/2020\/09\/qrIBAN.jpg?resize=350%2C200&ssl=1","width":350,"height":200},"classes":[]},{"id":276,"url":"https:\/\/www.steenkamper.de\/index.php\/satzung\/","url_meta":{"origin":10505,"position":3},"title":"Satzung","author":"Max","date":"16\/12\/2015","format":false,"excerpt":"Satzung ge\u00e4nderte Satzung g\u00fcltig seit der Mitgliederversammlung am 6.4.2022 Pr\u00e4ambel\u00a0 W\u00e4hrend der Bauzeit der Gartenstadt Steenkamp wurde 1920 die Heimst\u00e4ttervereinigung Steenkamp als Organisation der Mieter gegr\u00fcndet. Das gesellige Miteinander zu organisieren und Hilfestellungen aller Art anzubieten, diesen Zielen ist der Verein stets verpflichtet geblieben..\u00a0 \u00a7 1 Name und Sitz\u00a0 Der\u2026","rel":"","context":"\u00c4hnlicher Beitrag","block_context":{"text":"\u00c4hnlicher Beitrag","link":""},"img":{"alt_text":"","src":"","width":0,"height":0},"classes":[]},{"id":35342,"url":"https:\/\/www.steenkamper.de\/index.php\/mitmachen\/","url_meta":{"origin":10505,"position":4},"title":"Mitmachen","author":"Max","date":"15\/04\/2026","format":false,"excerpt":"regelm\u00e4\u00dfige Gruppen Aussch\u00fcsse & AGs Engagierte Nachbarn freiwilliger F\u00f6rderbeitrag T-Shirt Shop Wissensspeicher","rel":"","context":"\u00c4hnlicher Beitrag","block_context":{"text":"\u00c4hnlicher Beitrag","link":""},"img":{"alt_text":"","src":"","width":0,"height":0},"classes":[]},{"id":1280,"url":"https:\/\/www.steenkamper.de\/index.php\/bienensterben\/","url_meta":{"origin":10505,"position":5},"title":"Bienensterben","author":"Max","date":"13\/01\/2016","format":false,"excerpt":"Ein offenes Wort zum Bienensterben und kleine Tipps dagegen aus dem Steenkamper Ausgabe 1\/2015 von\u00a0Gesa Lahner Das Bienensterben ist in aller Munde. Jeder m\u00f6chte etwas dagegen tun. Wenn wir vom Bienensterben h\u00f6ren, denken wir in erster Linie an die hierzulande gehaltene westliche Honigbiene \u201eApis mellifera\u201c. Sie wird von uns Imkern\u2026","rel":"","context":"\u00c4hnlicher Beitrag","block_context":{"text":"\u00c4hnlicher Beitrag","link":""},"img":{"alt_text":"Bienen","src":"https:\/\/i0.wp.com\/wp.steenkamper.de\/wp-content\/uploads\/2016\/01\/Bienen.jpg?resize=350%2C200","width":350,"height":200,"srcset":"https:\/\/i0.wp.com\/wp.steenkamper.de\/wp-content\/uploads\/2016\/01\/Bienen.jpg?resize=350%2C200 1x, https:\/\/i0.wp.com\/wp.steenkamper.de\/wp-content\/uploads\/2016\/01\/Bienen.jpg?resize=525%2C300 1.5x"},"classes":[]}],"ticketed":false,"_links":{"self":[{"href":"https:\/\/www.steenkamper.de\/index.php\/wp-json\/wp\/v2\/pages\/10505","targetHints":{"allow":["GET"]}}],"collection":[{"href":"https:\/\/www.steenkamper.de\/index.php\/wp-json\/wp\/v2\/pages"}],"about":[{"href":"https:\/\/www.steenkamper.de\/index.php\/wp-json\/wp\/v2\/types\/page"}],"author":[{"embeddable":true,"href":"https:\/\/www.steenkamper.de\/index.php\/wp-json\/wp\/v2\/users\/6"}],"replies":[{"embeddable":true,"href":"https:\/\/www.steenkamper.de\/index.php\/wp-json\/wp\/v2\/comments?post=10505"}],"version-history":[{"count":10,"href":"https:\/\/www.steenkamper.de\/index.php\/wp-json\/wp\/v2\/pages\/10505\/revisions"}],"predecessor-version":[{"id":20994,"href":"https:\/\/www.steenkamper.de\/index.php\/wp-json\/wp\/v2\/pages\/10505\/revisions\/20994"}],"wp:attachment":[{"href":"https:\/\/www.steenkamper.de\/index.php\/wp-json\/wp\/v2\/media?parent=10505"}],"curies":[{"name":"wp","href":"https:\/\/api.w.org\/{rel}","templated":true}]}}