{"id":1025,"date":"2016-01-04T10:51:58","date_gmt":"2016-01-04T09:51:58","guid":{"rendered":"http:\/\/wp.steenkamper.de\/?page_id=1025"},"modified":"2025-09-03T19:12:22","modified_gmt":"2025-09-03T17:12:22","slug":"siedlungsgeschichten","status":"publish","type":"page","link":"https:\/\/www.steenkamper.de\/index.php\/siedlungsgeschichten\/","title":{"rendered":"Siedlungsgeschichten"},"content":{"rendered":"<p><a href=\"https:\/\/i0.wp.com\/www.steenkamper.de\/wp-content\/uploads\/2019\/12\/logo-steenkamp-jubilaeum-KLEIN.png?ssl=1\"><img data-recalc-dims=\"1\" decoding=\"async\" data-attachment-id=\"9450\" data-permalink=\"https:\/\/www.steenkamper.de\/index.php\/historischer-rundgang\/logo-steenkamp-jubilaeum-klein\/\" data-orig-file=\"https:\/\/i0.wp.com\/www.steenkamper.de\/wp-content\/uploads\/2019\/12\/logo-steenkamp-jubilaeum-KLEIN.png?fit=1087%2C1175&amp;ssl=1\" data-orig-size=\"1087,1175\" data-comments-opened=\"1\" data-image-meta=\"{&quot;aperture&quot;:&quot;0&quot;,&quot;credit&quot;:&quot;&quot;,&quot;camera&quot;:&quot;&quot;,&quot;caption&quot;:&quot;&quot;,&quot;created_timestamp&quot;:&quot;0&quot;,&quot;copyright&quot;:&quot;&quot;,&quot;focal_length&quot;:&quot;0&quot;,&quot;iso&quot;:&quot;0&quot;,&quot;shutter_speed&quot;:&quot;0&quot;,&quot;title&quot;:&quot;&quot;,&quot;orientation&quot;:&quot;0&quot;}\" data-image-title=\"logo-steenkamp-jubilaeum-KLEIN\" data-image-description=\"\" data-image-caption=\"\" data-large-file=\"https:\/\/i0.wp.com\/www.steenkamper.de\/wp-content\/uploads\/2019\/12\/logo-steenkamp-jubilaeum-KLEIN.png?fit=750%2C811&amp;ssl=1\" class=\"wp-image-9450 alignleft\" src=\"https:\/\/i0.wp.com\/www.steenkamper.de\/wp-content\/uploads\/2019\/12\/logo-steenkamp-jubilaeum-KLEIN.png?resize=120%2C129&#038;ssl=1\" alt=\"\" width=\"120\" height=\"129\" srcset=\"https:\/\/i0.wp.com\/www.steenkamper.de\/wp-content\/uploads\/2019\/12\/logo-steenkamp-jubilaeum-KLEIN.png?resize=278%2C300&amp;ssl=1 278w, https:\/\/i0.wp.com\/www.steenkamper.de\/wp-content\/uploads\/2019\/12\/logo-steenkamp-jubilaeum-KLEIN.png?resize=947%2C1024&amp;ssl=1 947w, https:\/\/i0.wp.com\/www.steenkamper.de\/wp-content\/uploads\/2019\/12\/logo-steenkamp-jubilaeum-KLEIN.png?resize=768%2C830&amp;ssl=1 768w, https:\/\/i0.wp.com\/www.steenkamper.de\/wp-content\/uploads\/2019\/12\/logo-steenkamp-jubilaeum-KLEIN.png?resize=185%2C200&amp;ssl=1 185w, https:\/\/i0.wp.com\/www.steenkamper.de\/wp-content\/uploads\/2019\/12\/logo-steenkamp-jubilaeum-KLEIN.png?resize=500%2C540&amp;ssl=1 500w, https:\/\/i0.wp.com\/www.steenkamper.de\/wp-content\/uploads\/2019\/12\/logo-steenkamp-jubilaeum-KLEIN.png?resize=450%2C486&amp;ssl=1 450w, https:\/\/i0.wp.com\/www.steenkamper.de\/wp-content\/uploads\/2019\/12\/logo-steenkamp-jubilaeum-KLEIN.png?w=1087&amp;ssl=1 1087w\" sizes=\"(max-width: 120px) 100vw, 120px\" \/><\/a><\/p>\n<p><a href=\"https:\/\/www.steenkamper.de\/wp-content\/uploads\/2019\/12\/poskarte-jubilaeum-vs.jpg\">\u00a0<\/a><a href=\"https:\/\/i0.wp.com\/www.steenkamper.de\/wp-content\/uploads\/2019\/04\/SkfestDobberthien2.jpg?ssl=1\"><img data-recalc-dims=\"1\" fetchpriority=\"high\" decoding=\"async\" data-attachment-id=\"8109\" data-permalink=\"https:\/\/www.steenkamper.de\/index.php\/siedlungsgeschichten\/skfestdobberthien2\/\" data-orig-file=\"https:\/\/i0.wp.com\/www.steenkamper.de\/wp-content\/uploads\/2019\/04\/SkfestDobberthien2.jpg?fit=1693%2C1153&amp;ssl=1\" data-orig-size=\"1693,1153\" data-comments-opened=\"1\" data-image-meta=\"{&quot;aperture&quot;:&quot;0&quot;,&quot;credit&quot;:&quot;&quot;,&quot;camera&quot;:&quot;&quot;,&quot;caption&quot;:&quot;&quot;,&quot;created_timestamp&quot;:&quot;0&quot;,&quot;copyright&quot;:&quot;&quot;,&quot;focal_length&quot;:&quot;0&quot;,&quot;iso&quot;:&quot;0&quot;,&quot;shutter_speed&quot;:&quot;0&quot;,&quot;title&quot;:&quot;&quot;,&quot;orientation&quot;:&quot;1&quot;}\" data-image-title=\"SkfestDobberthien\" data-image-description=\"\" data-image-caption=\"\" data-large-file=\"https:\/\/i0.wp.com\/www.steenkamper.de\/wp-content\/uploads\/2019\/04\/SkfestDobberthien2.jpg?fit=750%2C510&amp;ssl=1\" class=\"alignnone size-medium wp-image-8109\" src=\"https:\/\/i0.wp.com\/www.steenkamper.de\/wp-content\/uploads\/2019\/04\/SkfestDobberthien2.jpg?resize=300%2C204&#038;ssl=1\" alt=\"\" width=\"300\" height=\"204\" srcset=\"https:\/\/i0.wp.com\/www.steenkamper.de\/wp-content\/uploads\/2019\/04\/SkfestDobberthien2.jpg?resize=300%2C204&amp;ssl=1 300w, https:\/\/i0.wp.com\/www.steenkamper.de\/wp-content\/uploads\/2019\/04\/SkfestDobberthien2.jpg?resize=768%2C523&amp;ssl=1 768w, https:\/\/i0.wp.com\/www.steenkamper.de\/wp-content\/uploads\/2019\/04\/SkfestDobberthien2.jpg?resize=1024%2C697&amp;ssl=1 1024w, https:\/\/i0.wp.com\/www.steenkamper.de\/wp-content\/uploads\/2019\/04\/SkfestDobberthien2.jpg?resize=500%2C341&amp;ssl=1 500w, https:\/\/i0.wp.com\/www.steenkamper.de\/wp-content\/uploads\/2019\/04\/SkfestDobberthien2.jpg?resize=450%2C306&amp;ssl=1 450w, https:\/\/i0.wp.com\/www.steenkamper.de\/wp-content\/uploads\/2019\/04\/SkfestDobberthien2.jpg?w=1693&amp;ssl=1 1693w, https:\/\/i0.wp.com\/www.steenkamper.de\/wp-content\/uploads\/2019\/04\/SkfestDobberthien2.jpg?w=1500&amp;ssl=1 1500w\" sizes=\"(max-width: 300px) 100vw, 300px\" \/><\/a><\/p>\n<p><em>Im <a href=\"https:\/\/www.steenkamper.de\/index.php\/historischer-rundgang\/\">Steenkamper online Rundgang<\/a> sind die Siedlungsgeschichten mit ihrem Ort des Geschehens verkn\u00fcpft.<\/em><\/p>\n<p><a href=\"https:\/\/www.steenkamper.de\/index.php\/ein-bisschen-zeit-muss-sein-100-jahre-ursula-uschi-scheibner\/\">Ein bisschen Zeit muss sein!<\/a> 100 Jahre Ursula (Uschi) Scheibner<\/p>\n<p><a href=\"https:\/\/www.steenkamper.de\/index.php\/louis-cahnbley\/\">Louis Cahnbley<\/a> Stolperstein vor dem Haus im Steenkamp 43<\/p>\n<p><a href=\"https:\/\/www.steenkamper.de\/index.php\/der-emmichbrunnen-im-riemenschneiderstieg\/\">Der Emmichbrunnen im Riemenschneiderstieg<\/a><br \/>\nvon Sebastian Buchholz aus dem Steenkamper 2\/2022<\/p>\n<p><a href=\"https:\/\/www.steenkamper.de\/index.php\/mit-der-strassenbahn-zum-steenkamp\/\">Mit der Strassenbahn zum Steenkamp?<\/a><br \/>\nvon Rainer Dodt aus dem Steenkamper 1\/2021<\/p>\n<p><a href=\"https:\/\/www.steenkamper.de\/index.php\/baecker-roegner\/\">B\u00e4ckerei R\u00f6gner<\/a><br \/>\nvon Anke Zimmermann &amp; Jule L\u00fcbcke aus dem Steenkamper 1\/2021<\/p>\n<p><a href=\"https:\/\/www.steenkamper.de\/index.php\/erich-hartmann-2\/\">Erich Hartmann,\u00a0 (1886-1974)\u00a0Steenkamper K\u00fcnstler der Hamburgischen Sezession<\/a><\/p>\n<p><a href=\"https:\/\/www.steenkamper.de\/index.php\/hilge-nordmeier\/\">Hilge Nordmeier, geb. Stuhr (5.7.1896-9.9.1975)\u00a0Abgeordnete der SPD<\/a><\/p>\n<p><a href=\"https:\/\/www.steenkamper.de\/index.php\/georg-hempel\/\">Georg Hempel, (1894-1969) Steenkamper K\u00fcnstler<\/a><\/p>\n<p><a href=\"https:\/\/www.steenkamper.de\/index.php\/kindheit-in-den-fuenfziger-jahren\/\">Kindheit in den F\u00fcnfziger Jahren<\/a><br \/>\nvon Elfriede Ziegler aus dem Steenkamper 2\/2020<\/p>\n<p><a href=\"https:\/\/www.steenkamper.de\/index.php\/erika-93-jahre-sind-eine-verflixt-lange-zeit\/\">Erika, 93 Jahre sind eine verflixt lange Zeit.<\/a><br \/>\nvon Gertrud Krapp aus dem Steenkamper 1\/2019<\/p>\n<p><a href=\"https:\/\/www.steenkamper.de\/index.php\/spielen-in-der-siedlung\/\">Spielen in der Siedlung \u201eKibbel Kabbel? Kibbel Kabbel!&#8221;<\/a><br \/>\naus dem Steenkamper 2\/2017<\/p>\n<p><a href=\"https:\/\/www.steenkamper.de\/index.php\/schuster-schroeder\/\">Schuster Schr\u00f6der<\/a> Erinnerungen einer Steenkamperin aus der Ebertallee.<br \/>\nAus dem Steenkamper 1\/2017<\/p>\n<p><a href=\"https:\/\/www.steenkamper.de\/index.php\/ladengeschaeft-im-veit-stoss-weg\/\">Ladengesch\u00e4ft Viehst\u00e4dt im Viet-Sto\u00df-Weg<\/a><br \/>\nInterview aus 2013 von Claus Thiele, Fotos: Matthias Raabe<br \/>\naus dem Steenkamper 2014\/2&amp;3<\/p>\n<p><a href=\"https:\/\/www.steenkamper.de\/index.php\/saalbild-2\/\">Das Bild im Steenkampsaal\u00a0\u201eDas Tor zur Siedlung Steenkamp\u201c<\/a>\u00a0von Claus Thiel<br \/>\naus dem Steenkamper\u00a0Ausgabe 2\/2004<\/p>\n<p><a class=\"row-title\" title=\"\u201eHommage an Steenkamp\u201c bearbeiten\" href=\"https:\/\/www.steenkamper.de\/index.php\/hommage-an-steenkamp\/\">Hommage an Steenkamp<\/a>\u00a0von Erich Riegner<br \/>\naus dem Steenkamper Ausgaben 2\/2010,\u00a02\/2010 und\u00a02\/2011<\/p>\n<p><a href=\"https:\/\/www.steenkamper.de\/index.php\/hobbyausstellung\/\">Dort wer wat los!<\/a>\u00a0Hobbyausstellung auf dem Saal von Joachim Thoms und Kristiana G\u00e4rtner\u00a0<strong><br \/>\n<\/strong>aus dem Steenkamper Ausgabe 3\/2005<\/p>\n<p><a href=\"https:\/\/www.steenkamper.de\/index.php\/85-jahre-steenkampsiedlung-2005\/\">85 Jahre Steenkampsiedlung<\/a> von\u00a0Matthias Raabe<br \/>\naus dem Steenkamper Ausgabe 1\/2005<\/p>\n<p><a href=\"https:\/\/www.steenkamper.de\/index.php\/bienensterben\/\">Ein offenes Wort zum Bienensterben und kleine Tipps dagegen<\/a><br \/>\naus dem Steenkamper Ausgabe 1\/2015 von\u00a0Gesa Lahner<\/p>\n<p><a href=\"https:\/\/www.steenkamper.de\/index.php\/erinnerungen\/\">Erinnerungen\u00a0von Karin und Horst Henze <\/a><br \/>\naus dem Steenkamper Ausgabe 2\/2012<\/p>\n<p><a href=\"https:\/\/www.steenkamper.de\/index.php\/meine-zeit-in-der-ebertallee-1964-1977\/\">Meine Zeit in der Ebertallee 1964 \u2013 1977<\/a><br \/>\naus dem Steenkamper 1\/2020\u00a0Erg\u00e4nzend zu dem Artikel \u201eErinnerungen\u201c\u00a0von Karin und Horst Henze\u00a0im Steenkamper 2\/2012<\/p>\n<p><a href=\"https:\/\/www.steenkamper.de\/index.php\/fernseh-praasch\/\">Besuch bei einem alt eingesessenen Betrieb in der Siedlung<\/a><strong><br \/>\n<\/strong>von Matthias Raabe aus dem Steenkamper Ausgabe 2\/2007<\/p>\n<p><a href=\"https:\/\/www.steenkamper.de\/index.php\/2016\/10\/06\/unsere-gaerten-unsere-freude\/\">Unsere G\u00e4rten \u2013 unsere Freude!<\/a><br \/>\naus der Festschrift \u201cF\u00fcnfzig Jahre Steenkamp\u201d August 1970<\/p>\n<div class=\"page\" title=\"Page 14\">\n<div class=\"section\">\n<div class=\"layoutArea\">\n<div class=\"column\">\n<p><a href=\"https:\/\/www.steenkamper.de\/index.php\/grundsteinlegung-grundschule\/\">Grundsteinlegung Grundschule und Kulturelles Leben<\/a><br \/>\naus dem Steenkamper 11\/1949<\/p>\n<p>Wer hat Lust, uns ebenfalls aus der &#8220;Alten Zeit&#8221; zu berichten, unwichtig ob lang oder kurz. Melden Sie sich gerne bei der Redaktion des STEENKAMPERs oder bei unserer Geschichtswerkstatt &#8220;<a href=\"https:\/\/www.steenkamper.de\/index.php\/steenkamp-history\/\">Steenkamp History<\/a>&#8220;.<\/p>\n<p>Die n\u00e4chste Generation ist dankbar zu erfahren, wie es fr\u00fcher einmal zuging in der Siedlung.<\/p>\n<p><a href=\"https:\/\/i0.wp.com\/www.steenkamper.de\/wp-content\/uploads\/2019\/12\/poskarte-jubilaeum-vs.jpg?ssl=1\"><img data-recalc-dims=\"1\" decoding=\"async\" data-attachment-id=\"9707\" data-permalink=\"https:\/\/www.steenkamper.de\/index.php\/2019\/12\/28\/jubilaeumsjahr\/poskarte-jubilaeum-vs\/\" data-orig-file=\"https:\/\/i0.wp.com\/www.steenkamper.de\/wp-content\/uploads\/2019\/12\/poskarte-jubilaeum-vs.jpg?fit=856%2C620&amp;ssl=1\" data-orig-size=\"856,620\" data-comments-opened=\"1\" data-image-meta=\"{&quot;aperture&quot;:&quot;0&quot;,&quot;credit&quot;:&quot;&quot;,&quot;camera&quot;:&quot;&quot;,&quot;caption&quot;:&quot;&quot;,&quot;created_timestamp&quot;:&quot;0&quot;,&quot;copyright&quot;:&quot;&quot;,&quot;focal_length&quot;:&quot;0&quot;,&quot;iso&quot;:&quot;0&quot;,&quot;shutter_speed&quot;:&quot;0&quot;,&quot;title&quot;:&quot;&quot;,&quot;orientation&quot;:&quot;0&quot;}\" data-image-title=\"poskarte-jubilaeum-vs\" data-image-description=\"\" data-image-caption=\"&lt;p&gt;Jubil\u00e4umspostkarte&lt;\/p&gt;\n\" data-large-file=\"https:\/\/i0.wp.com\/www.steenkamper.de\/wp-content\/uploads\/2019\/12\/poskarte-jubilaeum-vs.jpg?fit=750%2C543&amp;ssl=1\" class=\"wp-image-9707 size-medium\" src=\"https:\/\/i0.wp.com\/www.steenkamper.de\/wp-content\/uploads\/2019\/12\/poskarte-jubilaeum-vs.jpg?resize=300%2C217&#038;ssl=1\" alt=\"\" width=\"300\" height=\"217\" srcset=\"https:\/\/i0.wp.com\/www.steenkamper.de\/wp-content\/uploads\/2019\/12\/poskarte-jubilaeum-vs.jpg?resize=300%2C217&amp;ssl=1 300w, https:\/\/i0.wp.com\/www.steenkamper.de\/wp-content\/uploads\/2019\/12\/poskarte-jubilaeum-vs.jpg?resize=768%2C556&amp;ssl=1 768w, https:\/\/i0.wp.com\/www.steenkamper.de\/wp-content\/uploads\/2019\/12\/poskarte-jubilaeum-vs.jpg?resize=200%2C145&amp;ssl=1 200w, https:\/\/i0.wp.com\/www.steenkamper.de\/wp-content\/uploads\/2019\/12\/poskarte-jubilaeum-vs.jpg?resize=500%2C362&amp;ssl=1 500w, https:\/\/i0.wp.com\/www.steenkamper.de\/wp-content\/uploads\/2019\/12\/poskarte-jubilaeum-vs.jpg?resize=450%2C326&amp;ssl=1 450w, https:\/\/i0.wp.com\/www.steenkamper.de\/wp-content\/uploads\/2019\/12\/poskarte-jubilaeum-vs.jpg?w=856&amp;ssl=1 856w\" sizes=\"(max-width: 300px) 100vw, 300px\" \/><\/a><\/p>\n<\/div>\n<\/div>\n<\/div>\n<\/div>\n","protected":false},"excerpt":{"rendered":"<p>\u00a0 Im Steenkamper online Rundgang sind die Siedlungsgeschichten mit ihrem Ort des Geschehens verkn\u00fcpft. Ein bisschen Zeit muss sein! 100 Jahre Ursula (Uschi) Scheibner Louis Cahnbley Stolperstein vor dem Haus&#8230; <\/p>\n<p><a class=\"teaser-more\" href=\"https:\/\/www.steenkamper.de\/index.php\/siedlungsgeschichten\/\">weiter lesen<\/a><\/p>\n","protected":false},"author":6,"featured_media":0,"parent":0,"menu_order":0,"comment_status":"closed","ping_status":"closed","template":"","meta":{"_acf_changed":false,"_price":"","_stock":"","_tribe_ticket_header":"","_tribe_default_ticket_provider":"","_tribe_ticket_capacity":"0","_ticket_start_date":"","_ticket_end_date":"","_tribe_ticket_show_description":"","_tribe_ticket_show_not_going":false,"_tribe_ticket_use_global_stock":"","_tribe_ticket_global_stock_level":"","_global_stock_mode":"","_global_stock_cap":"","_tribe_rsvp_for_event":"","_tribe_ticket_going_count":"","_tribe_ticket_not_going_count":"","_tribe_tickets_list":"[]","_tribe_ticket_has_attendee_info_fields":false,"jetpack_post_was_ever_published":false,"footnotes":"","_tec_slr_enabled":"","_tec_slr_layout":""},"class_list":["post-1025","page","type-page","status-publish","hentry"],"acf":[],"jetpack_sharing_enabled":false,"jetpack_shortlink":"https:\/\/wp.me\/P74Wuo-gx","jetpack_likes_enabled":true,"jetpack-related-posts":[{"id":250,"url":"https:\/\/www.steenkamper.de\/index.php\/siedlung1\/","url_meta":{"origin":1025,"position":0},"title":"Siedlung","author":"Max","date":"15\/12\/2015","format":false,"excerpt":"Steenkampsiedlung in Hamburg-Bahrenfeld Die Steenkampsiedlung Geschichte Siedlungsgeschichten Baulicher Erhalt der Siedlung Stra\u00dfennamen Pressespiegel Bilder \u00a0","rel":"","context":"\u00c4hnlicher Beitrag","block_context":{"text":"\u00c4hnlicher Beitrag","link":""},"img":{"alt_text":"","src":"","width":0,"height":0},"classes":[]}],"ticketed":false,"_links":{"self":[{"href":"https:\/\/www.steenkamper.de\/index.php\/wp-json\/wp\/v2\/pages\/1025","targetHints":{"allow":["GET"]}}],"collection":[{"href":"https:\/\/www.steenkamper.de\/index.php\/wp-json\/wp\/v2\/pages"}],"about":[{"href":"https:\/\/www.steenkamper.de\/index.php\/wp-json\/wp\/v2\/types\/page"}],"author":[{"embeddable":true,"href":"https:\/\/www.steenkamper.de\/index.php\/wp-json\/wp\/v2\/users\/6"}],"replies":[{"embeddable":true,"href":"https:\/\/www.steenkamper.de\/index.php\/wp-json\/wp\/v2\/comments?post=1025"}],"version-history":[{"count":47,"href":"https:\/\/www.steenkamper.de\/index.php\/wp-json\/wp\/v2\/pages\/1025\/revisions"}],"predecessor-version":[{"id":30293,"href":"https:\/\/www.steenkamper.de\/index.php\/wp-json\/wp\/v2\/pages\/1025\/revisions\/30293"}],"wp:attachment":[{"href":"https:\/\/www.steenkamper.de\/index.php\/wp-json\/wp\/v2\/media?parent=1025"}],"curies":[{"name":"wp","href":"https:\/\/api.w.org\/{rel}","templated":true}]}}